{"id":31,"date":"2017-07-03T23:19:23","date_gmt":"2017-07-03T21:19:23","guid":{"rendered":"http:\/\/stadelmann.dw-net.ch\/?page_id=31"},"modified":"2018-06-19T11:47:49","modified_gmt":"2018-06-19T09:47:49","slug":"links","status":"publish","type":"page","link":"http:\/\/www.stadelmanntreuhand.ch\/fr\/links\/","title":{"rendered":"Liens"},"content":{"rendered":"<table border=\"0\" cellspacing=\"0\" cellpadding=\"0\">\n<tbody>\n<tr>\n<td id=\"container\">\n<div id=\"center\">\n<div>\n<table border=\"0\" width=\"100%\">\n<tbody>\n<tr class=\"yellow\">\n<td>\n<h3>Imp\u00f4ts<\/h3>\n<p>Administration f\u00e9d\u00e9rale des contributions<br \/>\n<a href=\"http:\/\/www.estv.admin.ch\/\" target=\"_blank\" rel=\"noopener\">www.estv.admin.ch<\/a><\/p>\n<p>Service des contributions du canton de Fribourg<br \/>\n<a href=\"http:\/\/www.fr.ch\/scc\/fr\/pub\/index.cfm\" target=\"_blank\" rel=\"noopener\">http:\/\/www.fr.ch\/scc\/fr\/pub\/index.cfm<\/a><\/p>\n<p>Service des contributions du canton de Berne<br \/>\n<a href=\"http:\/\/www.fin.be.ch\/\" target=\"_blank\" rel=\"noopener\">www.fin.be.ch<\/a><\/td>\n<\/tr>\n<tr class=\"\">\n<td>\n<h3>Organisations professionnelles<\/h3>\n<p>EXPERTsuisse<br \/>\n<a href=\"http:\/\/www.expertsuisse.ch\/home\">www.expertsuisse.ch<\/a><\/p>\n<p>FMH Services<br \/>\n<a href=\"http:\/\/www.fmhservices.ch\">www.fmhservices.ch<\/a><\/td>\n<\/tr>\n<tr class=\"\">\n<td>\n<h3>Magazines<\/h3>\n<p>L\u2019expert Comptable Suisse<br \/>\n<a href=\"http:\/\/www.treuhaender.ch\/\" target=\"_blank\" rel=\"noopener\">www.treuhaender.ch<\/a><\/p>\n<p>Revue fiscale<br \/>\n<a href=\"http:\/\/www.steuerrevue.ch\/\" target=\"_blank\" rel=\"noopener\">www.steuerrevue.ch<\/a><\/td>\n<\/tr>\n<\/tbody>\n<\/table>\n<\/div>\n<\/div>\n<\/td>\n<\/tr>\n<\/tbody>\n<\/table>\n","protected":false},"excerpt":{"rendered":"<p>Imp\u00f4ts Administration f\u00e9d\u00e9rale des contributions www.estv.admin.ch Service des contributions du canton de Fribourg http:\/\/www.fr.ch\/scc\/fr\/pub\/index.cfm Service des contributions du canton de Berne www.fin.be.ch Organisations professionnelles EXPERTsuisse www.expertsuisse.ch FMH Services www.fmhservices.ch Magazines L\u2019expert Comptable Suisse www.treuhaender.ch Revue fiscale www.steuerrevue.ch<\/p>\n","protected":false},"author":1,"featured_media":0,"parent":0,"menu_order":0,"comment_status":"closed","ping_status":"closed","template":"","meta":[],"translation":{"provider":"WPGlobus","version":"2.8.1","language":"fr","enabled_languages":["de","fr"],"languages":{"de":{"title":true,"content":true,"excerpt":false},"fr":{"title":true,"content":true,"excerpt":false}}},"_links":{"self":[{"href":"http:\/\/www.stadelmanntreuhand.ch\/fr\/wp-json\/wp\/v2\/pages\/31"}],"collection":[{"href":"http:\/\/www.stadelmanntreuhand.ch\/fr\/wp-json\/wp\/v2\/pages"}],"about":[{"href":"http:\/\/www.stadelmanntreuhand.ch\/fr\/wp-json\/wp\/v2\/types\/page"}],"author":[{"embeddable":true,"href":"http:\/\/www.stadelmanntreuhand.ch\/fr\/wp-json\/wp\/v2\/users\/1"}],"replies":[{"embeddable":true,"href":"http:\/\/www.stadelmanntreuhand.ch\/fr\/wp-json\/wp\/v2\/comments?post=31"}],"version-history":[{"count":9,"href":"http:\/\/www.stadelmanntreuhand.ch\/fr\/wp-json\/wp\/v2\/pages\/31\/revisions"}],"predecessor-version":[{"id":167,"href":"http:\/\/www.stadelmanntreuhand.ch\/fr\/wp-json\/wp\/v2\/pages\/31\/revisions\/167"}],"wp:attachment":[{"href":"http:\/\/www.stadelmanntreuhand.ch\/fr\/wp-json\/wp\/v2\/media?parent=31"}],"curies":[{"name":"wp","href":"https:\/\/api.w.org\/{rel}","templated":true}]}}