{"id":60,"date":"2017-07-04T08:23:55","date_gmt":"2017-07-04T06:23:55","guid":{"rendered":"http:\/\/stadelmann.dw-net.ch\/?page_id=60"},"modified":"2018-06-19T09:36:30","modified_gmt":"2018-06-19T07:36:30","slug":"dienstleistungen","status":"publish","type":"page","link":"http:\/\/www.stadelmanntreuhand.ch\/fr\/dienstleistungen\/","title":{"rendered":"Prestations"},"content":{"rendered":"<p class=\"stadelmann\"><strong>G\u00e9n\u00e9ralit\u00e9s<\/strong><\/p>\n<p>Bas\u00e9e sur une relation de confiance et de fid\u00e9lit\u00e9 vis-\u00e0-vis de nos clients, notre activit\u00e9 tout enti\u00e8re est consacr\u00e9e \u00e0 la d\u00e9fense de leurs int\u00e9r\u00eats avec la plus grande diligence.<\/p>\n<p><strong><span class=\"stadelmann\">Nous sommes engag\u00e9s et toujours bien inform\u00e9s.<\/span><\/strong>\u00a0Chez nous l\u2019approfondissement des connaissances professionnelles dans notre sp\u00e9cialisation qu\u2019est le domaine fiscal ainsi que le perfectionnement continu de nos collaborateurs vont de soi. Nous sommes ainsi en mesure de vous proposer des prestations de service et de conseil de grande qualit\u00e9.<\/p>\n<p><strong><span class=\"stadelmann\">Testez nos comp\u00e9tences et notre fiabilit\u00e9. Nous serons ravis de relever ce d\u00e9fi !<\/span><\/strong><\/p>\n","protected":false},"excerpt":{"rendered":"<p>G\u00e9n\u00e9ralit\u00e9s Bas\u00e9e sur une relation de confiance et de fid\u00e9lit\u00e9 vis-\u00e0-vis de nos clients, notre activit\u00e9 tout enti\u00e8re est consacr\u00e9e \u00e0 la d\u00e9fense de leurs int\u00e9r\u00eats avec la plus grande diligence. Nous sommes engag\u00e9s et toujours bien inform\u00e9s.\u00a0Chez nous l\u2019approfondissement des connaissances professionnelles dans notre sp\u00e9cialisation qu\u2019est le domaine fiscal ainsi que le perfectionnement continu &hellip; <\/p>\n<p class=\"link-more\"><a href=\"http:\/\/www.stadelmanntreuhand.ch\/fr\/dienstleistungen\/\" class=\"more-link\">Continue reading<span class=\"screen-reader-text\"> &#8220;Prestations&#8221;<\/span><\/a><\/p>\n","protected":false},"author":1,"featured_media":0,"parent":0,"menu_order":0,"comment_status":"closed","ping_status":"closed","template":"","meta":[],"translation":{"provider":"WPGlobus","version":"2.8.1","language":"fr","enabled_languages":["de","fr"],"languages":{"de":{"title":true,"content":true,"excerpt":false},"fr":{"title":true,"content":true,"excerpt":false}}},"_links":{"self":[{"href":"http:\/\/www.stadelmanntreuhand.ch\/fr\/wp-json\/wp\/v2\/pages\/60"}],"collection":[{"href":"http:\/\/www.stadelmanntreuhand.ch\/fr\/wp-json\/wp\/v2\/pages"}],"about":[{"href":"http:\/\/www.stadelmanntreuhand.ch\/fr\/wp-json\/wp\/v2\/types\/page"}],"author":[{"embeddable":true,"href":"http:\/\/www.stadelmanntreuhand.ch\/fr\/wp-json\/wp\/v2\/users\/1"}],"replies":[{"embeddable":true,"href":"http:\/\/www.stadelmanntreuhand.ch\/fr\/wp-json\/wp\/v2\/comments?post=60"}],"version-history":[{"count":3,"href":"http:\/\/www.stadelmanntreuhand.ch\/fr\/wp-json\/wp\/v2\/pages\/60\/revisions"}],"predecessor-version":[{"id":209,"href":"http:\/\/www.stadelmanntreuhand.ch\/fr\/wp-json\/wp\/v2\/pages\/60\/revisions\/209"}],"wp:attachment":[{"href":"http:\/\/www.stadelmanntreuhand.ch\/fr\/wp-json\/wp\/v2\/media?parent=60"}],"curies":[{"name":"wp","href":"https:\/\/api.w.org\/{rel}","templated":true}]}}