{"id":7,"date":"2017-07-03T23:16:06","date_gmt":"2017-07-03T21:16:06","guid":{"rendered":"http:\/\/stadelmann.dw-net.ch\/?page_id=7"},"modified":"2021-10-18T14:57:21","modified_gmt":"2021-10-18T12:57:21","slug":"startseite","status":"publish","type":"page","link":"http:\/\/www.stadelmanntreuhand.ch\/fr\/","title":{"rendered":"Home"},"content":{"rendered":"<p class=\"evidence\"><strong>Ensemble sur la voie du succ\u00e8s<\/strong><\/p>\n<p><strong><span class=\"stadelmann\">Comp\u00e9tence, efficacit\u00e9 et innovation.<\/span>\u00a0<\/strong>Telles sont les valeurs auxquelles s\u2019oriente notre entreprise. La base de ces r\u00e9flexions et de toutes nos actions sont toujours les clients qui viennent nous consulter avec des besoins diff\u00e9rents et des souhaits individuels : des personnes priv\u00e9es suisses ou \u00e9trang\u00e8res ainsi que des entreprises issues de tous les secteurs d\u2019activit\u00e9. Nos points forts sont le conseil fiscal et d\u2019entreprise ainsi que l\u2019expertise comptable et fiduciaire.<\/p>\n<p class=\"stadelmann\"><strong>Plus la situation initiale est complexe, plus le d\u00e9fi consistant \u00e0 trouver, pour vous, la solution optimale est grand !<\/strong><\/p>\n","protected":false},"excerpt":{"rendered":"<p>Ensemble sur la voie du succ\u00e8s Comp\u00e9tence, efficacit\u00e9 et innovation.\u00a0Telles sont les valeurs auxquelles s\u2019oriente notre entreprise. La base de ces r\u00e9flexions et de toutes nos actions sont toujours les clients qui viennent nous consulter avec des besoins diff\u00e9rents et des souhaits individuels : des personnes priv\u00e9es suisses ou \u00e9trang\u00e8res ainsi que des entreprises issues &hellip; <\/p>\n<p class=\"link-more\"><a href=\"http:\/\/www.stadelmanntreuhand.ch\/fr\/\" class=\"more-link\">Continue reading<span class=\"screen-reader-text\"> &#8220;Home&#8221;<\/span><\/a><\/p>\n","protected":false},"author":1,"featured_media":0,"parent":0,"menu_order":0,"comment_status":"closed","ping_status":"closed","template":"","meta":[],"translation":{"provider":"WPGlobus","version":"2.8.1","language":"fr","enabled_languages":["de","fr"],"languages":{"de":{"title":true,"content":true,"excerpt":false},"fr":{"title":true,"content":true,"excerpt":false}}},"_links":{"self":[{"href":"http:\/\/www.stadelmanntreuhand.ch\/fr\/wp-json\/wp\/v2\/pages\/7"}],"collection":[{"href":"http:\/\/www.stadelmanntreuhand.ch\/fr\/wp-json\/wp\/v2\/pages"}],"about":[{"href":"http:\/\/www.stadelmanntreuhand.ch\/fr\/wp-json\/wp\/v2\/types\/page"}],"author":[{"embeddable":true,"href":"http:\/\/www.stadelmanntreuhand.ch\/fr\/wp-json\/wp\/v2\/users\/1"}],"replies":[{"embeddable":true,"href":"http:\/\/www.stadelmanntreuhand.ch\/fr\/wp-json\/wp\/v2\/comments?post=7"}],"version-history":[{"count":12,"href":"http:\/\/www.stadelmanntreuhand.ch\/fr\/wp-json\/wp\/v2\/pages\/7\/revisions"}],"predecessor-version":[{"id":351,"href":"http:\/\/www.stadelmanntreuhand.ch\/fr\/wp-json\/wp\/v2\/pages\/7\/revisions\/351"}],"wp:attachment":[{"href":"http:\/\/www.stadelmanntreuhand.ch\/fr\/wp-json\/wp\/v2\/media?parent=7"}],"curies":[{"name":"wp","href":"https:\/\/api.w.org\/{rel}","templated":true}]}}