{"id":83,"date":"2018-05-31T21:12:20","date_gmt":"2018-05-31T19:12:20","guid":{"rendered":"http:\/\/www.stadelmanntreuhand.ch\/?page_id=83"},"modified":"2018-05-31T21:12:20","modified_gmt":"2018-05-31T19:12:20","slug":"vorsorgeberatung","status":"publish","type":"page","link":"http:\/\/www.stadelmanntreuhand.ch\/fr\/dienstleistungen\/vorsorgeberatung\/","title":{"rendered":"Conseil en pr\u00e9voyance"},"content":{"rendered":"<p>Votre pr\u00e9voyance co\u00efncide-t-elle avec votre planification fiscale? D\u00e9sirez-vous plus de transparence dans les placements de votre patrimoine de pr\u00e9voyance?<\/p>\n<p>Nous \u00e9laborons, pour vous, un plan de pr\u00e9voyance bas\u00e9 sur votre situation fiscale individuelle et con\u00e7u sur mesure pour votre avenir.<\/p>\n<p>Nos vastes prestations de conseil sont adapt\u00e9es \u00e0 vos besoins et s\u2019effectuent en collaboration avec un partenaire professionnel de poids.<\/p>\n<p>Gr\u00e2ce \u00e0 un conseil individuel, vous \u00e9conomisez des imp\u00f4ts.<\/p>\n<p><span class=\"evidence\"><strong>Notre maxime:<\/strong>\u00a0<\/span>Pr\u00e9voyance et comptabilit\u00e9 main dans la main<\/p>\n","protected":false},"excerpt":{"rendered":"<p>Votre pr\u00e9voyance co\u00efncide-t-elle avec votre planification fiscale? D\u00e9sirez-vous plus de transparence dans les placements de votre patrimoine de pr\u00e9voyance? Nous \u00e9laborons, pour vous, un plan de pr\u00e9voyance bas\u00e9 sur votre situation fiscale individuelle et con\u00e7u sur mesure pour votre avenir. Nos vastes prestations de conseil sont adapt\u00e9es \u00e0 vos besoins et s\u2019effectuent en collaboration avec &hellip; <\/p>\n<p class=\"link-more\"><a href=\"http:\/\/www.stadelmanntreuhand.ch\/fr\/dienstleistungen\/vorsorgeberatung\/\" class=\"more-link\">Continue reading<span class=\"screen-reader-text\"> &#8220;Conseil en pr\u00e9voyance&#8221;<\/span><\/a><\/p>\n","protected":false},"author":1,"featured_media":0,"parent":60,"menu_order":0,"comment_status":"closed","ping_status":"closed","template":"","meta":[],"translation":{"provider":"WPGlobus","version":"2.8.1","language":"fr","enabled_languages":["de","fr"],"languages":{"de":{"title":true,"content":true,"excerpt":false},"fr":{"title":true,"content":true,"excerpt":false}}},"_links":{"self":[{"href":"http:\/\/www.stadelmanntreuhand.ch\/fr\/wp-json\/wp\/v2\/pages\/83"}],"collection":[{"href":"http:\/\/www.stadelmanntreuhand.ch\/fr\/wp-json\/wp\/v2\/pages"}],"about":[{"href":"http:\/\/www.stadelmanntreuhand.ch\/fr\/wp-json\/wp\/v2\/types\/page"}],"author":[{"embeddable":true,"href":"http:\/\/www.stadelmanntreuhand.ch\/fr\/wp-json\/wp\/v2\/users\/1"}],"replies":[{"embeddable":true,"href":"http:\/\/www.stadelmanntreuhand.ch\/fr\/wp-json\/wp\/v2\/comments?post=83"}],"version-history":[{"count":1,"href":"http:\/\/www.stadelmanntreuhand.ch\/fr\/wp-json\/wp\/v2\/pages\/83\/revisions"}],"predecessor-version":[{"id":84,"href":"http:\/\/www.stadelmanntreuhand.ch\/fr\/wp-json\/wp\/v2\/pages\/83\/revisions\/84"}],"up":[{"embeddable":true,"href":"http:\/\/www.stadelmanntreuhand.ch\/fr\/wp-json\/wp\/v2\/pages\/60"}],"wp:attachment":[{"href":"http:\/\/www.stadelmanntreuhand.ch\/fr\/wp-json\/wp\/v2\/media?parent=83"}],"curies":[{"name":"wp","href":"https:\/\/api.w.org\/{rel}","templated":true}]}}