{"id":86,"date":"2018-05-31T21:13:53","date_gmt":"2018-05-31T19:13:53","guid":{"rendered":"http:\/\/www.stadelmanntreuhand.ch\/?page_id=86"},"modified":"2018-05-31T21:13:53","modified_gmt":"2018-05-31T19:13:53","slug":"nachfolgeregelung","status":"publish","type":"page","link":"http:\/\/www.stadelmanntreuhand.ch\/fr\/dienstleistungen\/nachfolgeregelung\/","title":{"rendered":"Conseil successoral"},"content":{"rendered":"<p>A quoi la r\u00e9ussite professionnelle et financi\u00e8re rime-t-elle si la transmission aux jeunes g\u00e9n\u00e9rations n\u2019est pas pr\u00e9par\u00e9e de main de ma\u00eetre?<\/p>\n<p>Le m\u00e9lange unique associant prestations fiscales, juridiques et sociales \u00e0 de longues ann\u00e9es d\u2019exp\u00e9rience nous permet de vous proposer un conseil complet. Les pr\u00e9occupations successorales sont affaire de confiance et ne doivent pas \u00eatre remises entre de mauvaises mains.<\/p>\n<ul type=\"disc\">\n<li>Analyse de la situation de l\u2019entrepreneur et de sa famille<\/li>\n<li>Concepts de restructuration<\/li>\n<li>Assistance dans la recherche d\u2019un successeur ou d\u2019un acheteur<\/li>\n<li>Prise de pr\u00e9cautions du point de vue fiscal et juridique<\/li>\n<li>Mise en \u0153uvre<\/li>\n<\/ul>\n","protected":false},"excerpt":{"rendered":"<p>A quoi la r\u00e9ussite professionnelle et financi\u00e8re rime-t-elle si la transmission aux jeunes g\u00e9n\u00e9rations n\u2019est pas pr\u00e9par\u00e9e de main de ma\u00eetre? Le m\u00e9lange unique associant prestations fiscales, juridiques et sociales \u00e0 de longues ann\u00e9es d\u2019exp\u00e9rience nous permet de vous proposer un conseil complet. Les pr\u00e9occupations successorales sont affaire de confiance et ne doivent pas \u00eatre &hellip; <\/p>\n<p class=\"link-more\"><a href=\"http:\/\/www.stadelmanntreuhand.ch\/fr\/dienstleistungen\/nachfolgeregelung\/\" class=\"more-link\">Continue reading<span class=\"screen-reader-text\"> &#8220;Conseil successoral&#8221;<\/span><\/a><\/p>\n","protected":false},"author":1,"featured_media":0,"parent":60,"menu_order":0,"comment_status":"closed","ping_status":"closed","template":"","meta":[],"translation":{"provider":"WPGlobus","version":"2.8.1","language":"fr","enabled_languages":["de","fr"],"languages":{"de":{"title":true,"content":true,"excerpt":false},"fr":{"title":true,"content":true,"excerpt":false}}},"_links":{"self":[{"href":"http:\/\/www.stadelmanntreuhand.ch\/fr\/wp-json\/wp\/v2\/pages\/86"}],"collection":[{"href":"http:\/\/www.stadelmanntreuhand.ch\/fr\/wp-json\/wp\/v2\/pages"}],"about":[{"href":"http:\/\/www.stadelmanntreuhand.ch\/fr\/wp-json\/wp\/v2\/types\/page"}],"author":[{"embeddable":true,"href":"http:\/\/www.stadelmanntreuhand.ch\/fr\/wp-json\/wp\/v2\/users\/1"}],"replies":[{"embeddable":true,"href":"http:\/\/www.stadelmanntreuhand.ch\/fr\/wp-json\/wp\/v2\/comments?post=86"}],"version-history":[{"count":1,"href":"http:\/\/www.stadelmanntreuhand.ch\/fr\/wp-json\/wp\/v2\/pages\/86\/revisions"}],"predecessor-version":[{"id":87,"href":"http:\/\/www.stadelmanntreuhand.ch\/fr\/wp-json\/wp\/v2\/pages\/86\/revisions\/87"}],"up":[{"embeddable":true,"href":"http:\/\/www.stadelmanntreuhand.ch\/fr\/wp-json\/wp\/v2\/pages\/60"}],"wp:attachment":[{"href":"http:\/\/www.stadelmanntreuhand.ch\/fr\/wp-json\/wp\/v2\/media?parent=86"}],"curies":[{"name":"wp","href":"https:\/\/api.w.org\/{rel}","templated":true}]}}