{"id":30,"date":"2017-07-03T23:19:23","date_gmt":"2017-07-03T21:19:23","guid":{"rendered":"http:\/\/stadelmann.dw-net.ch\/?page_id=30"},"modified":"2024-10-11T09:41:26","modified_gmt":"2024-10-11T07:41:26","slug":"wir-fuer-sie","status":"publish","type":"page","link":"https:\/\/www.stadelmanntreuhand.ch\/fr\/wir-fuer-sie\/","title":{"rendered":"\u00c0 votre service"},"content":{"rendered":"<table border=\"0\" width=\"100%\">\n<tbody>\n<tr>\n<td><b>Edgar Stadelmann<\/b><br \/>\nExpert fiscal dipl\u00f4m\u00e9<br \/>\nes [at] stadelmanntreuhand.ch<\/td>\n<\/tr>\n<tr>\n<td><b><br \/>\nAnja Neuhaus<\/b><br \/>\nExperte fiduciaire dipl\u00f4m\u00e9e<br \/>\nan [at] stadelmanntreuhand.ch<br \/>\n<b><br \/>\nClaudia Hayoz<\/b><br \/>\nSp\u00e9cialiste en finance et comptabilit\u00e9 avec brevet f\u00e9d\u00e9ral<br \/>\nch [at] stadelmanntreuhand.ch<\/p>\n<p><b>Corentin Yerly<\/b><br \/>\nSp\u00e9cialist en finance et comptabilit\u00e9 avec brevet f\u00e9d\u00e9ral<br \/>\ncy [at] stadelmanntreuhand.ch<\/p>\n<p><b>Dominic M\u00fcller<\/b><br \/>\nBachelor of Science HES-SO en Economie d&#8217;entreprise<br \/>\ndm [at] stadelmanntreuhand.ch<\/p>\n<p><b style=\"font-family: inherit; font-size: inherit;\">Gertrud Stadelmann<br \/>\n<\/b>Direction et personnel<br \/>\ngs [at] stadelmanntreuhand.ch<\/p>\n<p><b>Jerome Sturny<\/b><br \/>\nAgent fiduciaire avec brevet f\u00e9d\u00e9ral<br \/>\njs [at] stadelmanntreuhand.ch<\/p>\n<p><b>Marc Mooser<\/b><br \/>\nBachelor of Science HES-SO en Economie d&#8217;entreprise<br \/>\nmm [at] stadelmanntreuhand.ch<\/p>\n<p><b>Yvette Thalmann<\/b><br \/>\nCollaboratrice fiduciaire<br \/>\nyt [at] stadelmanntreuhand.ch<\/td>\n<\/tr>\n<\/tbody>\n<\/table>\n","protected":false},"excerpt":{"rendered":"<p>Edgar Stadelmann Expert fiscal dipl\u00f4m\u00e9 es [at] stadelmanntreuhand.ch Anja Neuhaus Experte fiduciaire dipl\u00f4m\u00e9e an [at] stadelmanntreuhand.ch Claudia Hayoz Sp\u00e9cialiste en finance et comptabilit\u00e9 avec brevet f\u00e9d\u00e9ral ch [at] stadelmanntreuhand.ch Corentin Yerly Sp\u00e9cialist en finance et comptabilit\u00e9 avec brevet f\u00e9d\u00e9ral cy [at] stadelmanntreuhand.ch Dominic M\u00fcller Bachelor of Science HES-SO en Economie d&#8217;entreprise dm [at] stadelmanntreuhand.ch Gertrud &hellip; <\/p>\n<p class=\"link-more\"><a href=\"https:\/\/www.stadelmanntreuhand.ch\/fr\/wir-fuer-sie\/\" class=\"more-link\">Continue reading<span class=\"screen-reader-text\"> &#8220;\u00c0 votre service&#8221;<\/span><\/a><\/p>\n","protected":false},"author":1,"featured_media":0,"parent":0,"menu_order":0,"comment_status":"closed","ping_status":"closed","template":"","meta":[],"translation":{"provider":"WPGlobus","version":"2.8.1","language":"fr","enabled_languages":["de","fr"],"languages":{"de":{"title":true,"content":true,"excerpt":false},"fr":{"title":true,"content":true,"excerpt":false}}},"_links":{"self":[{"href":"https:\/\/www.stadelmanntreuhand.ch\/fr\/wp-json\/wp\/v2\/pages\/30"}],"collection":[{"href":"https:\/\/www.stadelmanntreuhand.ch\/fr\/wp-json\/wp\/v2\/pages"}],"about":[{"href":"https:\/\/www.stadelmanntreuhand.ch\/fr\/wp-json\/wp\/v2\/types\/page"}],"author":[{"embeddable":true,"href":"https:\/\/www.stadelmanntreuhand.ch\/fr\/wp-json\/wp\/v2\/users\/1"}],"replies":[{"embeddable":true,"href":"https:\/\/www.stadelmanntreuhand.ch\/fr\/wp-json\/wp\/v2\/comments?post=30"}],"version-history":[{"count":65,"href":"https:\/\/www.stadelmanntreuhand.ch\/fr\/wp-json\/wp\/v2\/pages\/30\/revisions"}],"predecessor-version":[{"id":390,"href":"https:\/\/www.stadelmanntreuhand.ch\/fr\/wp-json\/wp\/v2\/pages\/30\/revisions\/390"}],"wp:attachment":[{"href":"https:\/\/www.stadelmanntreuhand.ch\/fr\/wp-json\/wp\/v2\/media?parent=30"}],"curies":[{"name":"wp","href":"https:\/\/api.w.org\/{rel}","templated":true}]}}