{"id":77,"date":"2018-05-31T21:08:58","date_gmt":"2018-05-31T19:08:58","guid":{"rendered":"http:\/\/www.stadelmanntreuhand.ch\/?page_id=77"},"modified":"2018-05-31T21:08:58","modified_gmt":"2018-05-31T19:08:58","slug":"steuerberatung","status":"publish","type":"page","link":"https:\/\/www.stadelmanntreuhand.ch\/fr\/dienstleistungen\/steuerberatung\/","title":{"rendered":"Conseil fiscal"},"content":{"rendered":"<p><strong><span class=\"stadelmann\">Au service des personnes priv\u00e9es et des entreprises<\/span><\/strong><\/p>\n<p>Nos experts en droit fiscal et en pratique fiscale sont toujours bien inform\u00e9s des dispositions l\u00e9gales actuellement en vigueur. Nous r\u00e9pondons \u00e0 vos questions fiscales qu\u2019elles concernent des int\u00e9r\u00eats cantonaux, nationaux ou internationaux et vous montrons leurs incidences au niveau fiscal.<\/p>\n<ul type=\"disc\">\n<li>Planification fiscale<\/li>\n<li>Conseil en droit fiscal en tout genre (fusion, restructuration etc.)<\/li>\n<li>\u00c9laboration de d\u00e9clarations d\u2019imp\u00f4ts et de demandes de remboursement<\/li>\n<\/ul>\n<p><strong><span class=\"stadelmann\">Taxe \u00e0 la valeur ajout\u00e9e<\/span><\/strong><\/p>\n<p>L\u2019application correcte de la taxe \u00e0 la valeur ajout\u00e9e dans les affaires quotidiennes a une r\u00e9percussion consid\u00e9rable sur les charges fiscales. Les erreurs dans l\u2019organisation ou le d\u00e9compte m\u00eame vous reviennent souvent tr\u00e8s ch\u00e8res. Notre savoir-faire vous aide \u00e0 pr\u00e9venir les erreurs.<\/p>\n<ul type=\"disc\">\n<li>Conseil en TVA<\/li>\n<li>Assistance dans l\u2019organisation et la mise en place d\u2019une comptabilit\u00e9 pour la TVA et \u00e9laboration des d\u00e9clarations<\/li>\n<li>Pr\u00e9paration et encadrement des r\u00e9visions de TVA par l\u2019Administration f\u00e9d\u00e9rale des contributions<\/li>\n<li>Audit TVA<\/li>\n<\/ul>\n","protected":false},"excerpt":{"rendered":"<p>Au service des personnes priv\u00e9es et des entreprises Nos experts en droit fiscal et en pratique fiscale sont toujours bien inform\u00e9s des dispositions l\u00e9gales actuellement en vigueur. Nous r\u00e9pondons \u00e0 vos questions fiscales qu\u2019elles concernent des int\u00e9r\u00eats cantonaux, nationaux ou internationaux et vous montrons leurs incidences au niveau fiscal. Planification fiscale Conseil en droit fiscal &hellip; <\/p>\n<p class=\"link-more\"><a href=\"https:\/\/www.stadelmanntreuhand.ch\/fr\/dienstleistungen\/steuerberatung\/\" class=\"more-link\">Continue reading<span class=\"screen-reader-text\"> &#8220;Conseil fiscal&#8221;<\/span><\/a><\/p>\n","protected":false},"author":1,"featured_media":0,"parent":60,"menu_order":0,"comment_status":"closed","ping_status":"closed","template":"","meta":[],"translation":{"provider":"WPGlobus","version":"2.8.1","language":"fr","enabled_languages":["de","fr"],"languages":{"de":{"title":true,"content":true,"excerpt":false},"fr":{"title":true,"content":true,"excerpt":false}}},"_links":{"self":[{"href":"https:\/\/www.stadelmanntreuhand.ch\/fr\/wp-json\/wp\/v2\/pages\/77"}],"collection":[{"href":"https:\/\/www.stadelmanntreuhand.ch\/fr\/wp-json\/wp\/v2\/pages"}],"about":[{"href":"https:\/\/www.stadelmanntreuhand.ch\/fr\/wp-json\/wp\/v2\/types\/page"}],"author":[{"embeddable":true,"href":"https:\/\/www.stadelmanntreuhand.ch\/fr\/wp-json\/wp\/v2\/users\/1"}],"replies":[{"embeddable":true,"href":"https:\/\/www.stadelmanntreuhand.ch\/fr\/wp-json\/wp\/v2\/comments?post=77"}],"version-history":[{"count":2,"href":"https:\/\/www.stadelmanntreuhand.ch\/fr\/wp-json\/wp\/v2\/pages\/77\/revisions"}],"predecessor-version":[{"id":161,"href":"https:\/\/www.stadelmanntreuhand.ch\/fr\/wp-json\/wp\/v2\/pages\/77\/revisions\/161"}],"up":[{"embeddable":true,"href":"https:\/\/www.stadelmanntreuhand.ch\/fr\/wp-json\/wp\/v2\/pages\/60"}],"wp:attachment":[{"href":"https:\/\/www.stadelmanntreuhand.ch\/fr\/wp-json\/wp\/v2\/media?parent=77"}],"curies":[{"name":"wp","href":"https:\/\/api.w.org\/{rel}","templated":true}]}}