{"id":8,"date":"2017-07-03T23:16:06","date_gmt":"2017-07-03T21:16:06","guid":{"rendered":"http:\/\/stadelmann.dw-net.ch\/?page_id=8"},"modified":"2018-06-19T11:49:46","modified_gmt":"2018-06-19T09:49:46","slug":"portrait","status":"publish","type":"page","link":"https:\/\/www.stadelmanntreuhand.ch\/fr\/portrait\/","title":{"rendered":"Portrait"},"content":{"rendered":"<p><strong><span class=\"stadelmann\">Conseil personnalis\u00e9 et flexible.<\/span><\/strong>\u00a0En tant qu\u2019entreprise conseil, nous proposons \u00e0 nos clients un encadrement complet ainsi qu\u2019une relation d\u2019affaire individuelle. Notre vaste savoir-faire nous permet de pouvoir les soutenir dans toute situation avec un conseil fond\u00e9 et des prestations de service de premier ordre.<\/p>\n<p><strong><span class=\"stadelmann\">Equipe qualifi\u00e9e et exp\u00e9riment\u00e9e.<\/span><\/strong>\u00a0Gr\u00e2ce \u00e0 notre exp\u00e9rience de longue date, nous disposons d\u2019un savoir directement issu de la pratique et ax\u00e9 sur le service aux entreprises.<\/p>\n<p><strong><span class=\"stadelmann\">Approche ax\u00e9e sur les performances et travail en r\u00e9seau.<\/span><\/strong>\u00a0Nos crit\u00e8res de qualit\u00e9 sont d\u00e9termin\u00e9s par les r\u00e8gles professionnelles et le code d\u00e9ontologique stricts \u00e9dict\u00e9s par EXPERTsuisse, que nous appliquons \u00e0 la lettre en notre qualit\u00e9 de membre. Notre soci\u00e9t\u00e9 fiduciaire est en outre un partenaire de choix de la soci\u00e9t\u00e9 FMH Treuhand Services.<\/p>\n","protected":false},"excerpt":{"rendered":"<p>Conseil personnalis\u00e9 et flexible.\u00a0En tant qu\u2019entreprise conseil, nous proposons \u00e0 nos clients un encadrement complet ainsi qu\u2019une relation d\u2019affaire individuelle. Notre vaste savoir-faire nous permet de pouvoir les soutenir dans toute situation avec un conseil fond\u00e9 et des prestations de service de premier ordre. Equipe qualifi\u00e9e et exp\u00e9riment\u00e9e.\u00a0Gr\u00e2ce \u00e0 notre exp\u00e9rience de longue date, nous &hellip; <\/p>\n<p class=\"link-more\"><a href=\"https:\/\/www.stadelmanntreuhand.ch\/fr\/portrait\/\" class=\"more-link\">Continue reading<span class=\"screen-reader-text\"> &#8220;Portrait&#8221;<\/span><\/a><\/p>\n","protected":false},"author":1,"featured_media":0,"parent":0,"menu_order":0,"comment_status":"closed","ping_status":"closed","template":"","meta":[],"translation":{"provider":"WPGlobus","version":"2.8.1","language":"fr","enabled_languages":["de","fr"],"languages":{"de":{"title":true,"content":true,"excerpt":false},"fr":{"title":true,"content":true,"excerpt":false}}},"_links":{"self":[{"href":"https:\/\/www.stadelmanntreuhand.ch\/fr\/wp-json\/wp\/v2\/pages\/8"}],"collection":[{"href":"https:\/\/www.stadelmanntreuhand.ch\/fr\/wp-json\/wp\/v2\/pages"}],"about":[{"href":"https:\/\/www.stadelmanntreuhand.ch\/fr\/wp-json\/wp\/v2\/types\/page"}],"author":[{"embeddable":true,"href":"https:\/\/www.stadelmanntreuhand.ch\/fr\/wp-json\/wp\/v2\/users\/1"}],"replies":[{"embeddable":true,"href":"https:\/\/www.stadelmanntreuhand.ch\/fr\/wp-json\/wp\/v2\/comments?post=8"}],"version-history":[{"count":7,"href":"https:\/\/www.stadelmanntreuhand.ch\/fr\/wp-json\/wp\/v2\/pages\/8\/revisions"}],"predecessor-version":[{"id":193,"href":"https:\/\/www.stadelmanntreuhand.ch\/fr\/wp-json\/wp\/v2\/pages\/8\/revisions\/193"}],"wp:attachment":[{"href":"https:\/\/www.stadelmanntreuhand.ch\/fr\/wp-json\/wp\/v2\/media?parent=8"}],"curies":[{"name":"wp","href":"https:\/\/api.w.org\/{rel}","templated":true}]}}