{"id":80,"date":"2018-05-31T21:10:27","date_gmt":"2018-05-31T19:10:27","guid":{"rendered":"http:\/\/www.stadelmanntreuhand.ch\/?page_id=80"},"modified":"2018-05-31T21:10:27","modified_gmt":"2018-05-31T19:10:27","slug":"buchfuehrungen","status":"publish","type":"page","link":"https:\/\/www.stadelmanntreuhand.ch\/fr\/dienstleistungen\/buchfuehrungen\/","title":{"rendered":"Comptabilit\u00e9"},"content":{"rendered":"<p>La d\u00e9l\u00e9gation de t\u00e2ches administratives vous donne une marge de man\u0153uvre suppl\u00e9mentaire afin que vous puissiez concentrer votre attention enti\u00e8rement sur votre activit\u00e9 principale. Nos connaissances professionnelles ainsi que notre exp\u00e9rience de longue date vous d\u00e9lestent et vous garantissent des prestations de haute qualit\u00e9.<\/p>\n<p>La saisie comptable des op\u00e9rations commerciales ainsi que le conseil en bouclement des comptes font tout aussi partie des prestations de base que nous proposons que, par exemple, la comptabilit\u00e9 des salaires que vous ne faites pas effectuer sur place pour des raisons de confidentialit\u00e9.<\/p>\n<p>Nous r\u00e9alisons \u00e9galement de mani\u00e8re efficace la comptabilit\u00e9 des personnes priv\u00e9es de mani\u00e8re qu\u2019elle soit adapt\u00e9e \u00e0 leurs besoins ainsi que, par exemple, la consolidation des comptes bancaires.<\/p>\n<p>Pour pouvoir profiter pleinement des effets de synergie, nous vous recommandons de nous confier non seulement votre comptabilit\u00e9, mais \u00e9galement vos affaires relevant du droit fiscal.<\/p>\n<ul type=\"disc\">\n<li>Organisation et mise en place de la comptabilit\u00e9 financi\u00e8re et d\u2019exploitation<\/li>\n<li>R\u00e9alisation de la comptabilit\u00e9 financi\u00e8re et d\u2019exploitation<\/li>\n<li>R\u00e9alisation des comptabilit\u00e9s auxiliaires (comptabilit\u00e9s des d\u00e9biteurs et cr\u00e9diteurs)<\/li>\n<li>Elaboration et analyses des comptes interm\u00e9diaires et annuels<\/li>\n<li>Elaboration de rapports<\/li>\n<li>D\u00e9comptes de TVA<\/li>\n<li>R\u00e9alisation de la comptabilit\u00e9 des salaires<\/li>\n<li>R\u00e9alisation des d\u00e9comptes des assurances sociales et des certificats de salaire<\/li>\n<\/ul>\n","protected":false},"excerpt":{"rendered":"<p>La d\u00e9l\u00e9gation de t\u00e2ches administratives vous donne une marge de man\u0153uvre suppl\u00e9mentaire afin que vous puissiez concentrer votre attention enti\u00e8rement sur votre activit\u00e9 principale. Nos connaissances professionnelles ainsi que notre exp\u00e9rience de longue date vous d\u00e9lestent et vous garantissent des prestations de haute qualit\u00e9. La saisie comptable des op\u00e9rations commerciales ainsi que le conseil en &hellip; <\/p>\n<p class=\"link-more\"><a href=\"https:\/\/www.stadelmanntreuhand.ch\/fr\/dienstleistungen\/buchfuehrungen\/\" class=\"more-link\">Continue reading<span class=\"screen-reader-text\"> &#8220;Comptabilit\u00e9&#8221;<\/span><\/a><\/p>\n","protected":false},"author":1,"featured_media":0,"parent":60,"menu_order":0,"comment_status":"closed","ping_status":"closed","template":"","meta":[],"translation":{"provider":"WPGlobus","version":"2.8.1","language":"fr","enabled_languages":["de","fr"],"languages":{"de":{"title":true,"content":true,"excerpt":false},"fr":{"title":true,"content":true,"excerpt":false}}},"_links":{"self":[{"href":"https:\/\/www.stadelmanntreuhand.ch\/fr\/wp-json\/wp\/v2\/pages\/80"}],"collection":[{"href":"https:\/\/www.stadelmanntreuhand.ch\/fr\/wp-json\/wp\/v2\/pages"}],"about":[{"href":"https:\/\/www.stadelmanntreuhand.ch\/fr\/wp-json\/wp\/v2\/types\/page"}],"author":[{"embeddable":true,"href":"https:\/\/www.stadelmanntreuhand.ch\/fr\/wp-json\/wp\/v2\/users\/1"}],"replies":[{"embeddable":true,"href":"https:\/\/www.stadelmanntreuhand.ch\/fr\/wp-json\/wp\/v2\/comments?post=80"}],"version-history":[{"count":2,"href":"https:\/\/www.stadelmanntreuhand.ch\/fr\/wp-json\/wp\/v2\/pages\/80\/revisions"}],"predecessor-version":[{"id":189,"href":"https:\/\/www.stadelmanntreuhand.ch\/fr\/wp-json\/wp\/v2\/pages\/80\/revisions\/189"}],"up":[{"embeddable":true,"href":"https:\/\/www.stadelmanntreuhand.ch\/fr\/wp-json\/wp\/v2\/pages\/60"}],"wp:attachment":[{"href":"https:\/\/www.stadelmanntreuhand.ch\/fr\/wp-json\/wp\/v2\/media?parent=80"}],"curies":[{"name":"wp","href":"https:\/\/api.w.org\/{rel}","templated":true}]}}